{"id":63,"date":"2025-10-11T10:19:41","date_gmt":"2025-10-11T14:19:41","guid":{"rendered":"https:\/\/mgource.dectim.ca\/webjam\/?page_id=63"},"modified":"2025-10-12T13:44:54","modified_gmt":"2025-10-12T17:44:54","slug":"univers","status":"publish","type":"page","link":"https:\/\/mgource.dectim.ca\/webjam\/univers\/","title":{"rendered":"Films"},"content":{"rendered":"\n<p>Bienvenue dans notre salle de projection clandestine. Ici, nous pr\u00e9servons les bobines que le pouvoir a voulu br\u00fbler, les r\u00e9cits qu&rsquo;ils ont tent\u00e9 d&rsquo;effacer. Chaque film est une fen\u00eatre sur une v\u00e9rit\u00e9 pass\u00e9e, une \u00e9motion brute que la censure n&rsquo;a pu \u00e9teindre. La Cin\u00e9math\u00e8que de l&rsquo;Ombre n&rsquo;est pas qu&rsquo;un catalogue de films ; c&rsquo;est un acte de d\u00e9fiance qui rend au regard sa libert\u00e9 de voir et de comprendre.<\/p>\n","protected":false},"excerpt":{"rendered":"<p>Bienvenue dans notre salle de projection clandestine. Ici, nous pr\u00e9servons [&hellip;]<\/p>\n","protected":false},"author":2,"featured_media":0,"parent":0,"menu_order":0,"comment_status":"closed","ping_status":"closed","template":"tpl-univers.php","meta":{"_acf_changed":false,"footnotes":""},"class_list":["post-63","page","type-page","status-publish","hentry"],"acf":[],"_links":{"self":[{"href":"https:\/\/mgource.dectim.ca\/webjam\/wp-json\/wp\/v2\/pages\/63","targetHints":{"allow":["GET"]}}],"collection":[{"href":"https:\/\/mgource.dectim.ca\/webjam\/wp-json\/wp\/v2\/pages"}],"about":[{"href":"https:\/\/mgource.dectim.ca\/webjam\/wp-json\/wp\/v2\/types\/page"}],"author":[{"embeddable":true,"href":"https:\/\/mgource.dectim.ca\/webjam\/wp-json\/wp\/v2\/users\/2"}],"replies":[{"embeddable":true,"href":"https:\/\/mgource.dectim.ca\/webjam\/wp-json\/wp\/v2\/comments?post=63"}],"version-history":[{"count":22,"href":"https:\/\/mgource.dectim.ca\/webjam\/wp-json\/wp\/v2\/pages\/63\/revisions"}],"predecessor-version":[{"id":274,"href":"https:\/\/mgource.dectim.ca\/webjam\/wp-json\/wp\/v2\/pages\/63\/revisions\/274"}],"wp:attachment":[{"href":"https:\/\/mgource.dectim.ca\/webjam\/wp-json\/wp\/v2\/media?parent=63"}],"curies":[{"name":"wp","href":"https:\/\/api.w.org\/{rel}","templated":true}]}}