{"id":71,"date":"2025-10-11T10:27:07","date_gmt":"2025-10-11T14:27:07","guid":{"rendered":"https:\/\/mgource.dectim.ca\/webjam\/?page_id=71"},"modified":"2025-10-12T14:13:51","modified_gmt":"2025-10-12T18:13:51","slug":"musiques","status":"publish","type":"page","link":"https:\/\/mgource.dectim.ca\/webjam\/musiques\/","title":{"rendered":"Musiques"},"content":{"rendered":"\n<p>Ils ont coup\u00e9 les radios, bris\u00e9 les vinyles et r\u00e9duit au silence les hymnes de la contestation. Mais une m\u00e9lodie ne meurt jamais vraiment. Les Ondes Interdites sont notre radio pirate, un havre pour les fr\u00e9quences perdues et les vibrations rebelles. Chaque note, chaque parole que vous trouverez ici est un battement de c\u0153ur de la r\u00e9sistance, un son pur que le r\u00e9gime n&rsquo;a pas pu corrompre. Montez le volume de la m\u00e9moire.<\/p>\n","protected":false},"excerpt":{"rendered":"<p>Ils ont coup\u00e9 les radios, bris\u00e9 les vinyles et r\u00e9duit [&hellip;]<\/p>\n","protected":false},"author":2,"featured_media":0,"parent":0,"menu_order":0,"comment_status":"closed","ping_status":"closed","template":"tpl-univers.php","meta":{"_acf_changed":false,"footnotes":""},"class_list":["post-71","page","type-page","status-publish","hentry"],"acf":[],"_links":{"self":[{"href":"https:\/\/mgource.dectim.ca\/webjam\/wp-json\/wp\/v2\/pages\/71","targetHints":{"allow":["GET"]}}],"collection":[{"href":"https:\/\/mgource.dectim.ca\/webjam\/wp-json\/wp\/v2\/pages"}],"about":[{"href":"https:\/\/mgource.dectim.ca\/webjam\/wp-json\/wp\/v2\/types\/page"}],"author":[{"embeddable":true,"href":"https:\/\/mgource.dectim.ca\/webjam\/wp-json\/wp\/v2\/users\/2"}],"replies":[{"embeddable":true,"href":"https:\/\/mgource.dectim.ca\/webjam\/wp-json\/wp\/v2\/comments?post=71"}],"version-history":[{"count":13,"href":"https:\/\/mgource.dectim.ca\/webjam\/wp-json\/wp\/v2\/pages\/71\/revisions"}],"predecessor-version":[{"id":278,"href":"https:\/\/mgource.dectim.ca\/webjam\/wp-json\/wp\/v2\/pages\/71\/revisions\/278"}],"wp:attachment":[{"href":"https:\/\/mgource.dectim.ca\/webjam\/wp-json\/wp\/v2\/media?parent=71"}],"curies":[{"name":"wp","href":"https:\/\/api.w.org\/{rel}","templated":true}]}}