{"id":73,"date":"2025-10-11T10:27:21","date_gmt":"2025-10-11T14:27:21","guid":{"rendered":"https:\/\/mgource.dectim.ca\/webjam\/?page_id=73"},"modified":"2025-10-12T13:44:38","modified_gmt":"2025-10-12T17:44:38","slug":"arts","status":"publish","type":"page","link":"https:\/\/mgource.dectim.ca\/webjam\/arts\/","title":{"rendered":"Arts"},"content":{"rendered":"\n<p>Avant la Grande R\u00e9\u00e9criture, les murs parlaient. Les toiles choquaient, les sculptures interrogeaient. La Galerie Invisible est l&rsquo;espace o\u00f9 nous raccrochons les \u0153uvres d\u00e9croch\u00e9es, o\u00f9 nous reconstruisons les statues abattues. Chaque pi\u00e8ce de cette collection est une preuve que la beaut\u00e9 est une forme de d\u00e9sob\u00e9issance et que l&rsquo;art est l&rsquo;arme la plus redoutable contre l&rsquo;uniformit\u00e9 de la pens\u00e9e.<\/p>\n","protected":false},"excerpt":{"rendered":"<p>Avant la Grande R\u00e9\u00e9criture, les murs parlaient. Les toiles choquaient, [&hellip;]<\/p>\n","protected":false},"author":2,"featured_media":0,"parent":0,"menu_order":0,"comment_status":"closed","ping_status":"closed","template":"tpl-univers.php","meta":{"_acf_changed":false,"footnotes":""},"class_list":["post-73","page","type-page","status-publish","hentry"],"acf":[],"_links":{"self":[{"href":"https:\/\/mgource.dectim.ca\/webjam\/wp-json\/wp\/v2\/pages\/73","targetHints":{"allow":["GET"]}}],"collection":[{"href":"https:\/\/mgource.dectim.ca\/webjam\/wp-json\/wp\/v2\/pages"}],"about":[{"href":"https:\/\/mgource.dectim.ca\/webjam\/wp-json\/wp\/v2\/types\/page"}],"author":[{"embeddable":true,"href":"https:\/\/mgource.dectim.ca\/webjam\/wp-json\/wp\/v2\/users\/2"}],"replies":[{"embeddable":true,"href":"https:\/\/mgource.dectim.ca\/webjam\/wp-json\/wp\/v2\/comments?post=73"}],"version-history":[{"count":11,"href":"https:\/\/mgource.dectim.ca\/webjam\/wp-json\/wp\/v2\/pages\/73\/revisions"}],"predecessor-version":[{"id":273,"href":"https:\/\/mgource.dectim.ca\/webjam\/wp-json\/wp\/v2\/pages\/73\/revisions\/273"}],"wp:attachment":[{"href":"https:\/\/mgource.dectim.ca\/webjam\/wp-json\/wp\/v2\/media?parent=73"}],"curies":[{"name":"wp","href":"https:\/\/api.w.org\/{rel}","templated":true}]}}